{"id":25,"date":"2020-12-08T03:54:06","date_gmt":"2020-12-08T03:54:06","guid":{"rendered":"https:\/\/gaviaspreview.com\/wp\/qempo\/?page_id=25"},"modified":"2026-01-13T18:21:26","modified_gmt":"2026-01-13T18:21:26","slug":"novice","status":"publish","type":"page","link":"https:\/\/trajnostno-porocilo.com\/en\/novice\/","title":{"rendered":"News"},"content":{"rendered":"<div data-elementor-type=\"wp-page\" data-elementor-id=\"25\" class=\"elementor elementor-25\">\n\t\t\t\t\t\t<section class=\"elementor-section elementor-top-section elementor-element elementor-element-24a1cf7 elementor-section-boxed elementor-section-height-default elementor-section-height-default row-top\" data-id=\"24a1cf7\" data-element_type=\"section\" data-e-type=\"section\">\n\t\t\t\t\t\t<div class=\"elementor-container elementor-column-gap-default\">\n\t\t\t\t\t<div class=\"elementor-column elementor-col-100 elementor-top-column elementor-element elementor-element-307a569 column-style-top\" data-id=\"307a569\" data-element_type=\"column\" data-e-type=\"column\">\n\t\t\t<div class=\"elementor-widget-wrap elementor-element-populated\">\n\t\t\t\t\t\t<div class=\"elementor-element elementor-element-5b22a83 elementor-widget elementor-widget-gva-posts\" data-id=\"5b22a83\" data-element_type=\"widget\" data-e-type=\"widget\" data-widget_type=\"gva-posts.default\">\n\t\t\t\t<div class=\"elementor-widget-container\">\n\t\t\t\t\t<div class=\"gva-element-gva-posts gva-element\">\r\n\t<div class=\"gva-posts-carousel gva-posts\" data-filter=\"7jhh\">\r\n\t\t<div class=\"init-carousel-owl owl-carousel\" data-items=\"2\" data-items_lg=\"2\" data-items_md=\"3\" data-items_sm=\"2\" data-items_xs=\"1\" data-items_xx=\"1\" data-loop=\"1\" data-speed=\"800\" data-auto_play=\"1\" data-auto_play_speed=\"800\" data-auto_play_timeout=\"6000\" data-auto_play_hover=\"1\" data-navigation=\"1\" data-pagination=\"1\" data-mouse_drag=\"1\" data-touch_drag=\"1\" >\r\n\t\t\t\r\n<div class=\"all trajnostno-porocilo trajnostno-upravljanje technology\">\r\n   <article id=\"post-2477\" class=\"post post-style-1 post-2477 type-post status-publish format-standard has-post-thumbnail hentry category-trajnostno-porocilo category-trajnostno-upravljanje category-technology tag-esg tag-trajnostno-porocanje\">\r\n      <div class=\"post-thumbnail\">\r\n         <a href=\"https:\/\/trajnostno-porocilo.com\/en\/2025\/01\/06\/china-esg\/\">\r\n            <img fetchpriority=\"high\" decoding=\"async\" width=\"600\" height=\"450\" src=\"https:\/\/trajnostno-porocilo.com\/wp-content\/uploads\/2025\/01\/china-esg-600x450.webp\" class=\"attachment-post-thumbnail size-post-thumbnail wp-post-image\" alt=\"Kitajska uvaja ESG standarde: Nova pravila za trajnostno poro\u010danje podjetij\" \/>         <\/a>\r\n      <\/div>   \r\n\r\n      <div class=\"entry-content\">\r\n         <div class=\"content-inner\">\r\n            <div class=\"entry-meta\">\r\n               <div class=\"clearfix meta-inline post-meta-1\"><span class=\"author vcard\"><i class=\"far fa-user-circle\"><\/i>Mitja Krajnc<\/span><\/div>            <\/div> \r\n            <h3 class=\"entry-title\"><a href=\"https:\/\/trajnostno-porocilo.com\/en\/2025\/01\/06\/china-esg\/\" rel=\"bookmark\">Kitajska uvaja ESG standarde: Nova pravila za trajnostno poro\u010danje podjetij<\/a><\/h3>\r\n            <div class=\"entry-desc\">Kitajska je razkrila osnovne standarde, katerih namen je standardizirati razkritja ESG po vsej dr\u017eavi. Cilj<\/div>\r\n         <\/div>\r\n      <\/div>\r\n   <\/article>   \r\n<\/div>\r\n\r\n  \r\n<div class=\"all trajnostno-porocilo trajnostno-upravljanje technology\">\r\n   <article id=\"post-2470\" class=\"post post-style-1 post-2470 type-post status-publish format-standard has-post-thumbnail hentry category-trajnostno-porocilo category-trajnostno-upravljanje category-technology tag-csrd tag-debirokratizacija tag-esrs tag-trajnostno-porocanje\">\r\n      <div class=\"post-thumbnail\">\r\n         <a href=\"https:\/\/trajnostno-porocilo.com\/en\/2024\/12\/18\/omnibus\/\">\r\n            <img decoding=\"async\" width=\"600\" height=\"450\" src=\"https:\/\/trajnostno-porocilo.com\/wp-content\/uploads\/2024\/12\/DALL\u00b7E-2024-12-18-16.16.32-An-alternative-conceptual-image-of-the-debureaucratization-of-sustainability-reporting-in-the-European-Union-emphasizing-the-integration-of-CSRD-CSD-e1734535459696-600x450.webp\" class=\"attachment-post-thumbnail size-post-thumbnail wp-post-image\" alt=\"Evropska komisija predlagala poenotenje okvirov za ESG poro\u010danje v letu 2025\" srcset=\"https:\/\/trajnostno-porocilo.com\/wp-content\/uploads\/2024\/12\/DALL\u00b7E-2024-12-18-16.16.32-An-alternative-conceptual-image-of-the-debureaucratization-of-sustainability-reporting-in-the-European-Union-emphasizing-the-integration-of-CSRD-CSD-e1734535459696-600x450.webp 600w, https:\/\/trajnostno-porocilo.com\/wp-content\/uploads\/2024\/12\/DALL\u00b7E-2024-12-18-16.16.32-An-alternative-conceptual-image-of-the-debureaucratization-of-sustainability-reporting-in-the-European-Union-emphasizing-the-integration-of-CSRD-CSD-e1734535459696-15x12.webp 15w\" sizes=\"(max-width: 600px) 100vw, 600px\" \/>         <\/a>\r\n      <\/div>   \r\n\r\n      <div class=\"entry-content\">\r\n         <div class=\"content-inner\">\r\n            <div class=\"entry-meta\">\r\n               <div class=\"clearfix meta-inline post-meta-1\"><span class=\"author vcard\"><i class=\"far fa-user-circle\"><\/i>Mitja Krajnc<\/span><\/div>            <\/div> \r\n            <h3 class=\"entry-title\"><a href=\"https:\/\/trajnostno-porocilo.com\/en\/2024\/12\/18\/omnibus\/\" rel=\"bookmark\">Evropska komisija predlagala poenotenje okvirov za ESG poro\u010danje v letu 2025<\/a><\/h3>\r\n            <div class=\"entry-desc\">Evropska unija si vedno bolj prizadeva za poenostavitev in usklajevanje zakonodajnih okvirov, da bi zmanj\u0161ala<\/div>\r\n         <\/div>\r\n      <\/div>\r\n   <\/article>   \r\n<\/div>\r\n\r\n  \r\n<div class=\"all trajnostno-porocilo trajnostno-upravljanje\">\r\n   <article id=\"post-2458\" class=\"post post-style-1 post-2458 type-post status-publish format-standard has-post-thumbnail hentry category-trajnostno-porocilo category-trajnostno-upravljanje tag-csrd tag-efrag tag-esrs tag-trajnostno-porocanje\">\r\n      <div class=\"post-thumbnail\">\r\n         <a href=\"https:\/\/trajnostno-porocilo.com\/en\/2024\/12\/02\/smarthead-efrag\/\">\r\n            <img decoding=\"async\" width=\"600\" height=\"450\" src=\"https:\/\/trajnostno-porocilo.com\/wp-content\/uploads\/2024\/12\/1732998190008-600x450.jpg\" class=\"attachment-post-thumbnail size-post-thumbnail wp-post-image\" alt=\"SmartHead potrjen s strani organizacije EFRAG\" \/>         <\/a>\r\n      <\/div>   \r\n\r\n      <div class=\"entry-content\">\r\n         <div class=\"content-inner\">\r\n            <div class=\"entry-meta\">\r\n               <div class=\"clearfix meta-inline post-meta-1\"><span class=\"author vcard\"><i class=\"far fa-user-circle\"><\/i>Mitja Krajnc<\/span><\/div>            <\/div> \r\n            <h3 class=\"entry-title\"><a href=\"https:\/\/trajnostno-porocilo.com\/en\/2024\/12\/02\/smarthead-efrag\/\" rel=\"bookmark\">SmartHead potrjen s strani organizacije EFRAG<\/a><\/h3>\r\n            <div class=\"entry-desc\">S ponosom sporo\u010damo, da je SmartHead uradno odobren kot \ud835\udc05\ud835\udc2b\ud835\udc22\ud835\udc1e\ud835\udc27\ud835\udc1d \ud835\udc28\ud835\udc1f \ud835\udc04\ud835\udc05\ud835\udc11\ud835\udc00\ud835\udc06 \u2013 \ud835\udc12\ud835\udc2e\ud835\udc2c\ud835\udc2d\ud835\udc1a\ud835\udc22\ud835\udc27\ud835\udc1a\ud835\udc1b\ud835\udc22\ud835\udc25\ud835\udc22\ud835\udc2d\ud835\udc32 \ud835\udc11\ud835\udc1e\ud835\udc29\ud835\udc28\ud835\udc2b\ud835\udc2d\ud835\udc22\ud835\udc27\ud835\udc20.<\/div>\r\n         <\/div>\r\n      <\/div>\r\n   <\/article>   \r\n<\/div>\r\n\r\n  \r\n<div class=\"all trajnostno-porocilo trajnostno-upravljanje technology zeleni-prehod\">\r\n   <article id=\"post-2417\" class=\"post post-style-1 post-2417 type-post status-publish format-standard has-post-thumbnail hentry category-trajnostno-porocilo category-trajnostno-upravljanje category-technology category-zeleni-prehod tag-csrd tag-esrs tag-trajnostno-porocanje tag-zeleni-prehod\">\r\n      <div class=\"post-thumbnail\">\r\n         <a href=\"https:\/\/trajnostno-porocilo.com\/en\/2024\/07\/05\/csrd-eu\/\">\r\n            <img loading=\"lazy\" decoding=\"async\" width=\"600\" height=\"450\" src=\"https:\/\/trajnostno-porocilo.com\/wp-content\/uploads\/2024\/07\/csrd-e1720165537321-600x450.jpg\" class=\"attachment-post-thumbnail size-post-thumbnail wp-post-image\" alt=\"Zakaj je 6. julij 2024 pomemben za \u010dlanice EU?\" srcset=\"https:\/\/trajnostno-porocilo.com\/wp-content\/uploads\/2024\/07\/csrd-e1720165537321-600x450.jpg 600w, https:\/\/trajnostno-porocilo.com\/wp-content\/uploads\/2024\/07\/csrd-e1720165537321-15x12.jpg 15w\" sizes=\"(max-width: 600px) 100vw, 600px\" \/>         <\/a>\r\n      <\/div>   \r\n\r\n      <div class=\"entry-content\">\r\n         <div class=\"content-inner\">\r\n            <div class=\"entry-meta\">\r\n               <div class=\"clearfix meta-inline post-meta-1\"><span class=\"author vcard\"><i class=\"far fa-user-circle\"><\/i>Mitja Krajnc<\/span><\/div>            <\/div> \r\n            <h3 class=\"entry-title\"><a href=\"https:\/\/trajnostno-porocilo.com\/en\/2024\/07\/05\/csrd-eu\/\" rel=\"bookmark\">Zakaj je 6. julij 2024 pomemben za \u010dlanice EU?<\/a><\/h3>\r\n            <div class=\"entry-desc\">Dr\u017eave \u010dlanice EU morajo do 6. julija 2024 vklju\u010diti direktivo o poro\u010danju o trajnostnem razvoju<\/div>\r\n         <\/div>\r\n      <\/div>\r\n   <\/article>   \r\n<\/div>\r\n\r\n  \r\n<div class=\"all trajnostno-porocilo trajnostno-upravljanje technology zeleni-prehod\">\r\n   <article id=\"post-2375\" class=\"post post-style-1 post-2375 type-post status-publish format-standard has-post-thumbnail hentry category-trajnostno-porocilo category-trajnostno-upravljanje category-technology category-zeleni-prehod tag-csrd tag-esrs tag-trajnostno-porocanje tag-zeleni-prehod\">\r\n      <div class=\"post-thumbnail\">\r\n         <a href=\"https:\/\/trajnostno-porocilo.com\/en\/2024\/03\/14\/esrs-gri\/\">\r\n            <img loading=\"lazy\" decoding=\"async\" width=\"600\" height=\"450\" src=\"https:\/\/trajnostno-porocilo.com\/wp-content\/uploads\/2024\/03\/ESRS-e1710405644641-600x450.jpg\" class=\"attachment-post-thumbnail size-post-thumbnail wp-post-image\" alt=\"Razlika med ESRS in GRI standardi\" \/>         <\/a>\r\n      <\/div>   \r\n\r\n      <div class=\"entry-content\">\r\n         <div class=\"content-inner\">\r\n            <div class=\"entry-meta\">\r\n               <div class=\"clearfix meta-inline post-meta-1\"><span class=\"author vcard\"><i class=\"far fa-user-circle\"><\/i>\u0160pela \u0160trancar<\/span><\/div>            <\/div> \r\n            <h3 class=\"entry-title\"><a href=\"https:\/\/trajnostno-porocilo.com\/en\/2024\/03\/14\/esrs-gri\/\" rel=\"bookmark\">Razlika med ESRS in GRI standardi<\/a><\/h3>\r\n            <div class=\"entry-desc\">Besedilo obravnava razliko med Globalnimi standardi poro\u010danja (v nadaljevanju GRI) in Evropskimi standardi poro\u010danja o<\/div>\r\n         <\/div>\r\n      <\/div>\r\n   <\/article>   \r\n<\/div>\r\n\r\n  \r\n<div class=\"all trajnostno-porocilo trajnostno-upravljanje zeleni-prehod\">\r\n   <article id=\"post-2269\" class=\"post post-style-1 post-2269 type-post status-publish format-standard has-post-thumbnail hentry category-trajnostno-porocilo category-trajnostno-upravljanje category-zeleni-prehod tag-csrd tag-esrs tag-trajnostno-porocanje tag-zeleni-prehod\">\r\n      <div class=\"post-thumbnail\">\r\n         <a href=\"https:\/\/trajnostno-porocilo.com\/en\/2023\/10\/26\/smart-head\/\">\r\n            <img loading=\"lazy\" decoding=\"async\" width=\"300\" height=\"168\" src=\"https:\/\/trajnostno-porocilo.com\/wp-content\/uploads\/2023\/08\/images-1.jpg\" class=\"attachment-post-thumbnail size-post-thumbnail wp-post-image\" alt=\"Linking map partner ESRS programske opreme SmartHead\" \/>         <\/a>\r\n      <\/div>   \r\n\r\n      <div class=\"entry-content\">\r\n         <div class=\"content-inner\">\r\n            <div class=\"entry-meta\">\r\n               <div class=\"clearfix meta-inline post-meta-1\"><span class=\"author vcard\"><i class=\"far fa-user-circle\"><\/i>Mitja Krajnc<\/span><\/div>            <\/div> \r\n            <h3 class=\"entry-title\"><a href=\"https:\/\/trajnostno-porocilo.com\/en\/2023\/10\/26\/smart-head\/\" rel=\"bookmark\">Linking map partner ESRS programske opreme SmartHead<\/a><\/h3>\r\n            <div class=\"entry-desc\">Sustainable and non-financial reporting using the SmartHead platform. Stay tuned for more updates<\/div>\r\n         <\/div>\r\n      <\/div>\r\n   <\/article>   \r\n<\/div>\r\n\r\n  \r\n<div class=\"all trajnostno-porocilo trajnostno-upravljanje technology zeleni-prehod\">\r\n   <article id=\"post-2247\" class=\"post post-style-1 post-2247 type-post status-publish format-standard has-post-thumbnail hentry category-trajnostno-porocilo category-trajnostno-upravljanje category-technology category-zeleni-prehod tag-csrd tag-esrs tag-nefinancno-porocanje tag-trajnostno-porocanje\">\r\n      <div class=\"post-thumbnail\">\r\n         <a href=\"https:\/\/trajnostno-porocilo.com\/en\/2023\/10\/18\/esrs\/\">\r\n            <img loading=\"lazy\" decoding=\"async\" width=\"600\" height=\"440\" src=\"https:\/\/trajnostno-porocilo.com\/wp-content\/uploads\/2023\/10\/ESRS-e1697635958931-600x440.jpg\" class=\"attachment-post-thumbnail size-post-thumbnail wp-post-image\" alt=\"Od leta 2024 naprej bodo podjetja morala poro\u010dati po ESRS standardih\" \/>         <\/a>\r\n      <\/div>   \r\n\r\n      <div class=\"entry-content\">\r\n         <div class=\"content-inner\">\r\n            <div class=\"entry-meta\">\r\n               <div class=\"clearfix meta-inline post-meta-1\"><span class=\"author vcard\"><i class=\"far fa-user-circle\"><\/i>Mitja Krajnc<\/span><\/div>            <\/div> \r\n            <h3 class=\"entry-title\"><a href=\"https:\/\/trajnostno-porocilo.com\/en\/2023\/10\/18\/esrs\/\" rel=\"bookmark\">From 2024 onwards, companies will have to report according to ESRS standards<\/a><\/h3>\r\n            <div class=\"entry-desc\">Covered companies must now prepare for improved sustainability reporting as it is European<\/div>\r\n         <\/div>\r\n      <\/div>\r\n   <\/article>   \r\n<\/div>\r\n\r\n  \r\n<div class=\"all branding lca-analiza trajnostno-porocilo trajnostno-upravljanje\">\r\n   <article id=\"post-1943\" class=\"post post-style-1 post-1943 type-post status-publish format-standard has-post-thumbnail hentry category-branding category-lca-analiza category-trajnostno-porocilo category-trajnostno-upravljanje tag-lca-analiza tag-trajnostno-porocanje tag-trajnostno-upravljanje\">\r\n      <div class=\"post-thumbnail\">\r\n         <a href=\"https:\/\/trajnostno-porocilo.com\/en\/2023\/07\/15\/trajnostno-upravljanje\/\">\r\n            <img loading=\"lazy\" decoding=\"async\" width=\"600\" height=\"450\" src=\"https:\/\/trajnostno-porocilo.com\/wp-content\/uploads\/2021\/04\/financial-success-and-green-business-2021-08-26-22-39-58-utc-600x450.jpg\" class=\"attachment-post-thumbnail size-post-thumbnail wp-post-image\" alt=\"Trajnostno Upravljanje in Poro\u010danje za u\u010dinkovit zeleni prehod podjetij\" \/>         <\/a>\r\n      <\/div>   \r\n\r\n      <div class=\"entry-content\">\r\n         <div class=\"content-inner\">\r\n            <div class=\"entry-meta\">\r\n               <div class=\"clearfix meta-inline post-meta-1\"><span class=\"author vcard\"><i class=\"far fa-user-circle\"><\/i>\u017diga \u010co\u017e<\/span><\/div>            <\/div> \r\n            <h3 class=\"entry-title\"><a href=\"https:\/\/trajnostno-porocilo.com\/en\/2023\/07\/15\/trajnostno-upravljanje\/\" rel=\"bookmark\">Sustainable Management and Reporting for an effective green transition of companies<\/a><\/h3>\r\n            <div class=\"entry-desc\">This article describes how LCA analysis can help improve brand reputation and image.<\/div>\r\n         <\/div>\r\n      <\/div>\r\n   <\/article>   \r\n<\/div>\r\n\r\n  \r\n<div class=\"all trajnostno-porocilo trajnostno-upravljanje zeleni-prehod\">\r\n   <article id=\"post-1942\" class=\"post post-style-1 post-1942 type-post status-publish format-standard has-post-thumbnail hentry category-trajnostno-porocilo category-trajnostno-upravljanje category-zeleni-prehod tag-trajnostno-porocanje tag-zeleni-prehod\">\r\n      <div class=\"post-thumbnail\">\r\n         <a href=\"https:\/\/trajnostno-porocilo.com\/en\/2023\/07\/15\/pristop-k-tr\/\">\r\n            <img loading=\"lazy\" decoding=\"async\" width=\"600\" height=\"450\" src=\"https:\/\/trajnostno-porocilo.com\/wp-content\/uploads\/2023\/07\/business-consulting-meeting-working-and-brainstorm-2022-10-19-05-05-55-utc-600x450.jpg\" class=\"attachment-post-thumbnail size-post-thumbnail wp-post-image\" alt=\"Pristop k trajnostnemu poro\u010danju: Koraki k Odgovorni Prihodnosti\" \/>         <\/a>\r\n      <\/div>   \r\n\r\n      <div class=\"entry-content\">\r\n         <div class=\"content-inner\">\r\n            <div class=\"entry-meta\">\r\n               <div class=\"clearfix meta-inline post-meta-1\"><span class=\"author vcard\"><i class=\"far fa-user-circle\"><\/i>Mitja Krajnc<\/span><\/div>            <\/div> \r\n            <h3 class=\"entry-title\"><a href=\"https:\/\/trajnostno-porocilo.com\/en\/2023\/07\/15\/pristop-k-tr\/\" rel=\"bookmark\">Approaching Sustainability Reporting: Steps to a Responsible Future<\/a><\/h3>\r\n            <div class=\"entry-desc\">The approach to sustainable reporting is a process that requires a comprehensive understanding of the organization and its role in society<\/div>\r\n         <\/div>\r\n      <\/div>\r\n   <\/article>   \r\n<\/div>\r\n\r\n  \r\n<div class=\"all financiranje lca-analiza razpisi\">\r\n   <article id=\"post-1941\" class=\"post post-style-1 post-1941 type-post status-publish format-standard has-post-thumbnail hentry category-financiranje category-lca-analiza category-razpisi tag-lca-analiza\">\r\n      <div class=\"post-thumbnail\">\r\n         <a href=\"https:\/\/trajnostno-porocilo.com\/en\/2023\/07\/15\/eu-razpisi\/\">\r\n            <img loading=\"lazy\" decoding=\"async\" width=\"600\" height=\"450\" src=\"https:\/\/trajnostno-porocilo.com\/wp-content\/uploads\/2023\/04\/letter-board-with-text-reduce-your-carbon-footprin-2022-06-07-16-43-21-utc-1-600x450.jpg\" class=\"attachment-post-thumbnail size-post-thumbnail wp-post-image\" alt=\"LCA analiza in dodatne to\u010dke pri razpisih\" \/>         <\/a>\r\n      <\/div>   \r\n\r\n      <div class=\"entry-content\">\r\n         <div class=\"content-inner\">\r\n            <div class=\"entry-meta\">\r\n               <div class=\"clearfix meta-inline post-meta-1\"><span class=\"author vcard\"><i class=\"far fa-user-circle\"><\/i>Mitja Krajnc<\/span><\/div>            <\/div> \r\n            <h3 class=\"entry-title\"><a href=\"https:\/\/trajnostno-porocilo.com\/en\/2023\/07\/15\/eu-razpisi\/\" rel=\"bookmark\">LCA analysis and additional points in tenders<\/a><\/h3>\r\n            <div class=\"entry-desc\">In addition to banks, European tenders are increasingly taking into account the sustainable practices of companies. The European Union is strong<\/div>\r\n         <\/div>\r\n      <\/div>\r\n   <\/article>   \r\n<\/div>\r\n\r\n  \r\n<div class=\"all financiranje lca-analiza\">\r\n   <article id=\"post-47\" class=\"post post-style-1 post-47 type-post status-publish format-standard has-post-thumbnail hentry category-financiranje category-lca-analiza tag-lca-analiza\">\r\n      <div class=\"post-thumbnail\">\r\n         <a href=\"https:\/\/trajnostno-porocilo.com\/en\/2023\/07\/14\/financiranje-bank-2\/\">\r\n            <img loading=\"lazy\" decoding=\"async\" width=\"600\" height=\"450\" src=\"https:\/\/trajnostno-porocilo.com\/wp-content\/uploads\/2023\/04\/aerial-view-of-business-data-analysis-graph-2022-09-16-08-04-04-utc-600x450.jpg\" class=\"attachment-post-thumbnail size-post-thumbnail wp-post-image\" alt=\"LCA analiza in zeleno financiranje bank\" \/>         <\/a>\r\n      <\/div>   \r\n\r\n      <div class=\"entry-content\">\r\n         <div class=\"content-inner\">\r\n            <div class=\"entry-meta\">\r\n               <div class=\"clearfix meta-inline post-meta-1\"><span class=\"author vcard\"><i class=\"far fa-user-circle\"><\/i>Mitja Krajnc<\/span><\/div>            <\/div> \r\n            <h3 class=\"entry-title\"><a href=\"https:\/\/trajnostno-porocilo.com\/en\/2023\/07\/14\/financiranje-bank-2\/\" rel=\"bookmark\">LCA analysis and green bank financing<\/a><\/h3>\r\n            <div class=\"entry-desc\">This article describes how LCA analysis affects obtaining financing from banks and Europeans<\/div>\r\n         <\/div>\r\n      <\/div>\r\n   <\/article>   \r\n<\/div>\r\n\r\n  \t\t<\/div>\r\n\t<\/div>\r\n  <\/div>\t\t\t\t<\/div>\n\t\t\t\t<\/div>\n\t\t\t\t\t<\/div>\n\t\t<\/div>\n\t\t\t\t\t<\/div>\n\t\t<\/section>\n\t\t\t\t<\/div>","protected":false},"excerpt":{"rendered":"<p>\u017diga \u010co\u017e Trajnostno Upravljanje in Poro\u010danje za u\u010dinkovit zeleni prehod podjetij Ta \u010dlanek opisuje kako lahko LCA analiza pomaga izbolj\u0161ati ugled in podobo blagovne znamke. Mitja Krajnc Pristop k trajnostnemu [&hellip;]<\/p>\n","protected":false},"author":1,"featured_media":0,"parent":0,"menu_order":0,"comment_status":"closed","ping_status":"closed","template":"","meta":{"footnotes":""},"class_list":["post-25","page","type-page","status-publish","hentry"],"_links":{"self":[{"href":"https:\/\/trajnostno-porocilo.com\/en\/wp-json\/wp\/v2\/pages\/25","targetHints":{"allow":["GET"]}}],"collection":[{"href":"https:\/\/trajnostno-porocilo.com\/en\/wp-json\/wp\/v2\/pages"}],"about":[{"href":"https:\/\/trajnostno-porocilo.com\/en\/wp-json\/wp\/v2\/types\/page"}],"author":[{"embeddable":true,"href":"https:\/\/trajnostno-porocilo.com\/en\/wp-json\/wp\/v2\/users\/1"}],"replies":[{"embeddable":true,"href":"https:\/\/trajnostno-porocilo.com\/en\/wp-json\/wp\/v2\/comments?post=25"}],"version-history":[{"count":36,"href":"https:\/\/trajnostno-porocilo.com\/en\/wp-json\/wp\/v2\/pages\/25\/revisions"}],"predecessor-version":[{"id":2343,"href":"https:\/\/trajnostno-porocilo.com\/en\/wp-json\/wp\/v2\/pages\/25\/revisions\/2343"}],"wp:attachment":[{"href":"https:\/\/trajnostno-porocilo.com\/en\/wp-json\/wp\/v2\/media?parent=25"}],"curies":[{"name":"wp","href":"https:\/\/api.w.org\/{rel}","templated":true}]}}